{"id":530,"date":"2021-07-08T22:23:28","date_gmt":"2021-07-08T20:23:28","guid":{"rendered":"https:\/\/plany.wpengine.com\/?page_id=530"},"modified":"2026-03-02T09:05:56","modified_gmt":"2026-03-02T08:05:56","slug":"antikorrupsjonsmanual","status":"publish","type":"page","link":"https:\/\/www.plany.no\/en\/om-oss\/antikorrupsjonsmanual\/","title":{"rendered":"Anti-corruption manual"},"content":{"rendered":"\t\t<div data-elementor-type=\"wp-page\" data-elementor-id=\"530\" class=\"elementor elementor-530\" data-elementor-post-type=\"page\">\n\t\t\t\t<div data-dce-background-color=\"#29353E\" data-dce-background-overlay-color=\"#253745\" data-dce-background-image-url=\"https:\/\/www.plany.no\/wp-content\/uploads\/2021\/06\/maps-9Z4Y5GV.png\" class=\"elementor-element elementor-element-4a88093 e-flex e-con-boxed e-con e-parent\" data-id=\"4a88093\" data-element_type=\"container\" data-e-type=\"container\" data-settings=\"{&quot;background_background&quot;:&quot;classic&quot;,&quot;jet_parallax_layout_list&quot;:[{&quot;_id&quot;:&quot;7f2a92f&quot;,&quot;jet_parallax_layout_image&quot;:{&quot;url&quot;:&quot;&quot;,&quot;id&quot;:&quot;&quot;,&quot;size&quot;:&quot;&quot;},&quot;jet_parallax_layout_image_widescreen&quot;:{&quot;url&quot;:&quot;&quot;,&quot;id&quot;:&quot;&quot;,&quot;size&quot;:&quot;&quot;},&quot;jet_parallax_layout_image_laptop&quot;:{&quot;url&quot;:&quot;&quot;,&quot;id&quot;:&quot;&quot;,&quot;size&quot;:&quot;&quot;},&quot;jet_parallax_layout_image_tablet&quot;:{&quot;url&quot;:&quot;&quot;,&quot;id&quot;:&quot;&quot;,&quot;size&quot;:&quot;&quot;},&quot;jet_parallax_layout_image_mobile&quot;:{&quot;url&quot;:&quot;&quot;,&quot;id&quot;:&quot;&quot;,&quot;size&quot;:&quot;&quot;},&quot;jet_parallax_layout_speed&quot;:{&quot;unit&quot;:&quot;%&quot;,&quot;size&quot;:50,&quot;sizes&quot;:[]},&quot;jet_parallax_layout_type&quot;:&quot;scroll&quot;,&quot;jet_parallax_layout_direction&quot;:&quot;1&quot;,&quot;jet_parallax_layout_fx_direction&quot;:null,&quot;jet_parallax_layout_z_index&quot;:&quot;&quot;,&quot;jet_parallax_layout_bg_x&quot;:50,&quot;jet_parallax_layout_bg_x_widescreen&quot;:&quot;&quot;,&quot;jet_parallax_layout_bg_x_laptop&quot;:&quot;&quot;,&quot;jet_parallax_layout_bg_x_tablet&quot;:&quot;&quot;,&quot;jet_parallax_layout_bg_x_mobile&quot;:&quot;&quot;,&quot;jet_parallax_layout_bg_y&quot;:50,&quot;jet_parallax_layout_bg_y_widescreen&quot;:&quot;&quot;,&quot;jet_parallax_layout_bg_y_laptop&quot;:&quot;&quot;,&quot;jet_parallax_layout_bg_y_tablet&quot;:&quot;&quot;,&quot;jet_parallax_layout_bg_y_mobile&quot;:&quot;&quot;,&quot;jet_parallax_layout_bg_size&quot;:&quot;auto&quot;,&quot;jet_parallax_layout_bg_size_widescreen&quot;:&quot;&quot;,&quot;jet_parallax_layout_bg_size_laptop&quot;:&quot;&quot;,&quot;jet_parallax_layout_bg_size_tablet&quot;:&quot;&quot;,&quot;jet_parallax_layout_bg_size_mobile&quot;:&quot;&quot;,&quot;jet_parallax_layout_animation_prop&quot;:&quot;transform&quot;,&quot;jet_parallax_layout_on&quot;:[&quot;desktop&quot;,&quot;tablet&quot;]}]}\">\n\t\t\t\t\t<div class=\"e-con-inner\">\n\t\t<div class=\"elementor-element elementor-element-c50fe69 e-con-full e-flex e-con e-child\" data-id=\"c50fe69\" data-element_type=\"container\" data-e-type=\"container\" data-settings=\"{&quot;jet_parallax_layout_list&quot;:[]}\">\n\t\t\t\t<div data-dce-title-color=\"#FFFFFF\" class=\"elementor-element elementor-element-956dd63 elementor-widget elementor-widget-heading\" data-id=\"956dd63\" data-element_type=\"widget\" data-e-type=\"widget\" data-widget_type=\"heading.default\">\n\t\t\t\t<div class=\"elementor-widget-container\">\n\t\t\t\t\t<h2 class=\"elementor-heading-title elementor-size-default\">Antikorrupsjonsmanual<\/h2>\t\t\t\t<\/div>\n\t\t\t\t<\/div>\n\t\t\t\t<\/div>\n\t\t\t\t\t<\/div>\n\t\t\t\t<\/div>\n\t\t<div class=\"elementor-element elementor-element-5bb0bb1 e-flex e-con-boxed e-con e-parent\" data-id=\"5bb0bb1\" data-element_type=\"container\" data-e-type=\"container\" data-settings=\"{&quot;jet_parallax_layout_list&quot;:[{&quot;jet_parallax_layout_image&quot;:{&quot;url&quot;:&quot;&quot;,&quot;id&quot;:&quot;&quot;,&quot;size&quot;:&quot;&quot;},&quot;_id&quot;:&quot;1c01c12&quot;,&quot;jet_parallax_layout_image_widescreen&quot;:{&quot;url&quot;:&quot;&quot;,&quot;id&quot;:&quot;&quot;,&quot;size&quot;:&quot;&quot;},&quot;jet_parallax_layout_image_laptop&quot;:{&quot;url&quot;:&quot;&quot;,&quot;id&quot;:&quot;&quot;,&quot;size&quot;:&quot;&quot;},&quot;jet_parallax_layout_image_tablet&quot;:{&quot;url&quot;:&quot;&quot;,&quot;id&quot;:&quot;&quot;,&quot;size&quot;:&quot;&quot;},&quot;jet_parallax_layout_image_mobile&quot;:{&quot;url&quot;:&quot;&quot;,&quot;id&quot;:&quot;&quot;,&quot;size&quot;:&quot;&quot;},&quot;jet_parallax_layout_speed&quot;:{&quot;unit&quot;:&quot;%&quot;,&quot;size&quot;:50,&quot;sizes&quot;:[]},&quot;jet_parallax_layout_type&quot;:&quot;scroll&quot;,&quot;jet_parallax_layout_direction&quot;:&quot;1&quot;,&quot;jet_parallax_layout_fx_direction&quot;:null,&quot;jet_parallax_layout_z_index&quot;:&quot;&quot;,&quot;jet_parallax_layout_bg_x&quot;:50,&quot;jet_parallax_layout_bg_x_widescreen&quot;:&quot;&quot;,&quot;jet_parallax_layout_bg_x_laptop&quot;:&quot;&quot;,&quot;jet_parallax_layout_bg_x_tablet&quot;:&quot;&quot;,&quot;jet_parallax_layout_bg_x_mobile&quot;:&quot;&quot;,&quot;jet_parallax_layout_bg_y&quot;:50,&quot;jet_parallax_layout_bg_y_widescreen&quot;:&quot;&quot;,&quot;jet_parallax_layout_bg_y_laptop&quot;:&quot;&quot;,&quot;jet_parallax_layout_bg_y_tablet&quot;:&quot;&quot;,&quot;jet_parallax_layout_bg_y_mobile&quot;:&quot;&quot;,&quot;jet_parallax_layout_bg_size&quot;:&quot;auto&quot;,&quot;jet_parallax_layout_bg_size_widescreen&quot;:&quot;&quot;,&quot;jet_parallax_layout_bg_size_laptop&quot;:&quot;&quot;,&quot;jet_parallax_layout_bg_size_tablet&quot;:&quot;&quot;,&quot;jet_parallax_layout_bg_size_mobile&quot;:&quot;&quot;,&quot;jet_parallax_layout_animation_prop&quot;:&quot;transform&quot;,&quot;jet_parallax_layout_on&quot;:[&quot;desktop&quot;,&quot;tablet&quot;]}]}\">\n\t\t\t\t\t<div class=\"e-con-inner\">\n\t\t<div class=\"elementor-element elementor-element-f988144 e-con-full e-flex e-con e-child\" data-id=\"f988144\" data-element_type=\"container\" data-e-type=\"container\" data-settings=\"{&quot;jet_parallax_layout_list&quot;:[]}\">\n\t\t\t\t<div class=\"elementor-element elementor-element-148b1f6 elementor-widget elementor-widget-text-editor\" data-id=\"148b1f6\" data-element_type=\"widget\" data-e-type=\"widget\" data-widget_type=\"text-editor.default\">\n\t\t\t\t<div class=\"elementor-widget-container\">\n\t\t\t\t\t\t\t\t\t<p><strong>1: Planys retningslinjer for antikorrupsjon<\/strong><\/p><p>Plany skal drive sin virksomhet etter forsvarlige, etiske og sunne forretningsprinsipper og overholde alle lover og regler. Plany vil ikke tillate eller tolerere involvering i noen form for korrupsjon. Det er et krav til alle Planys ansatte at de til enhver tid fullt ut overholder Planys retningslinjer for antikorrupsjon, og ingen Plany-ansatt kan gi en annen Plany-ansatt fullmakt til \u00e5 avvike fra denne. Ethvert brudd p\u00e5 relevant korrupsjonslovgivning vil bli ansett som et grovt brudd p\u00e5 arbeidstakerens plikter overfor Plany, og vil mest sannsynlig resultere i avslutning av arbeidsforholdet eller andre passende sanksjoner.\u00a0<\/p><p><strong>2: Om denne manualen<\/strong><\/p><p>Denne manualen gir en oversikt over Planys retningslinjer for\u00a0antikorrupsjon og forklarer de grunnleggende rettslige og etiske krav som Planys ansatte m\u00e5 f\u00f8lge for \u00e5 unng\u00e5 \u00e5 bli involvert i korrupsjon n\u00e5r de utf\u00f8rer oppgaver for Plany. Avdelingslederne har ansvaret for \u00e5 gj\u00f8re reglene i manualen kjent i sin organisasjon og for \u00e5 fremme en kultur for bevissthet om og overholdelse av reglene. De er videre ansvarlige for \u00e5 kontrollere at reglene faktisk blir overholdt. Alle Planys ansatte er p\u00e5lagt \u00e5 f\u00f8lge de prinsipper som gjennomg\u00e5s i denne manualen, og skal ogs\u00e5 ta n\u00f8dvendige skritt for \u00e5 sikre at Planys uavhengige forretningspartnere, herunder leverand\u00f8rer og kunder, ikke tar del i korrupsjon eller andre illegale eller uetiske aktiviteter i forbindelse med sine forretninger med Plany.<\/p><p><strong>3:\u00a0Veiledning og rapportering<\/strong><\/p><p>I ditt daglige arbeid b\u00f8r du s\u00f8ke veiledning fra og rette eventuelle sp\u00f8rsm\u00e5l vedr\u00f8rende korrupsjon til din n\u00e6rmeste overordnede. Du kan ogs\u00e5 kontakte administrasjonen i Plany ved daglig leder Eldar Over\u00e5, telefon: <a href=\"tel:+47 70 02 68 20\">+47 70 02 68 20<\/a>. Hvis du har noen sp\u00f8rsm\u00e5l vedr\u00f8rende denne manualen eller korrupsjonslovgivning.<\/p><p>Manglende overholdelse av korrupsjonslovgivningen og Planys retningslinjer for antikorrupsjon er et alvorlig brudd p\u00e5 Planys forretningsprinsipper og kan p\u00e5f\u00f8re Plany stor skade. Hvis du har grunn til \u00e5 tro at ansatte eller agenter som representerer Plany er involvert i eller har til hensikt \u00e5 involvere seg i korrupsjon, skal dette rapporteres til overordnet.\u00a0<\/p><p><strong>4: Hva er korrupsjon?<\/strong><\/p><p>Internasjonale konvensjoner og avtaler innenfor FN, Verdensbanken, Det internasjonale pengefondet (IMF), WTO, Organisasjonen av amerikanske stater, OECD og EU p\u00e5legger deltakerlandene \u00e5 implementere omfattende nasjonal lovgivning mot korrupsjon. Korrupsjon er forbudt i de fleste land i verden. Det er viktig \u00e5 v\u00e6re klar over at norsk og annen nasjonal korrupsjonslovgivning gjelder uavhengig av hvilket land handlingene er utf\u00f8rt i, og uavhengig av om korrupsjon er lovlig etter vedkommende lands nasjonale lovgivning. I praksis kan personer og selskaper bli tiltalt etter nasjonal korrupsjonslovgivning for handlinger beg\u00e5tt hvor som helst i verden. S\u00e6rlig den amerikanske regjeringen h\u00e5ndhever ekstraterritoriell jurisdiksjon for \u00e5 forf\u00f8lge korrupsjon hvor som helst i verden, i henhold til U.S. Foreign Corrupt Practices Act (FCPA).<\/p><p>Etter Planys antikorrupsjonsmanual vil\u00a0korrupsjon omfatte ethvert fors\u00f8k p\u00e5 direkte eller indirekte (gjennom mellommenn):<\/p><ul><li><em>\u00c5 gi eller tilby noen en\u00a0utilb\u00f8rlig fordel p\u00e5 grunnlag av stilling, verv eller oppdrag (aktiv\u00a0korrupsjon), eller<\/em><\/li><li><em>\u00c5 kreve, motta eller\u00a0akseptere et tilbud om en utilb\u00f8rlig fordel p\u00e5 grunnlag av stilling, verv\u00a0eller oppdrag (passiv korrupsjon)\u00a0<\/em>\u00a0<\/li><\/ul><p><strong>5: Konsekvenser av manglende overholdelse<\/strong><\/p><p>De mulige konsekvensene av manglende overholdelse av korrupsjonslovene er alvorlige:<\/p><ul><li>Selskaper kan forbys \u00e5 gj\u00f8re forretninger i visse land eller bransjer eller med visse regjeringer eller forbys \u00e5 delta i offentlige anbud<\/li><li>Selskaper kan bli holdt ansvarlig for erstatningskrav fra tredjeparter som har lidt skade p\u00e5 grunn av den korrupte aktiviteten, f.eks. konkurrenter som kan ha g\u00e5tt glipp av forretningsmuligheter<\/li><li>Korrupsjon resulterer ofte i negativ publisitet som kan v\u00e6re sv\u00e6rt skadelig for et selskaps renomm\u00e9 og forretningsforbindelser<\/li><li>Personer som er innblandet i korrupsjon risikerer strafferettslige sanksjoner, herunder b\u00f8ter og fengsel<\/li><\/ul><p><strong>6: Forholdet til kunder, leverand\u00f8rer og offentlig tjenestemenn<\/strong><\/p><p>Plany skal opptre p\u00e5 en \u00e5pen, etisk og lovlig m\u00e5te overfor alle potensielle eller eksisterende kunder, leverand\u00f8rer og offentlige tjenestemenn. Plany skal alltid utf\u00f8re sine kontraktsforpliktelser i samsvar med betingelsene i den aktuelle kontrakten med mindre avvik er godkjent av de rette linjelederne og beh\u00f8rig dokumentert i selskapets arkiver. Kontantutbetalinger e.l. eller utbetalinger til uautoriserte mottakere eller kontonumre skal ikke aksepteres.<\/p><p>Alle salgs- og markedsf\u00f8ringsaktiviteter, dekning av tredjeparters utgifter, utbetalinger og kontraktsutf\u00f8relse p\u00e5 vegne av Plany skal v\u00e6re \u00e5pne og transparente b\u00e5de internt og vis \u00e0 vis Planys motparter. Enhver invitasjon til enkeltpersoner til \u00e5 delta i arrangementer eller aktiviteter som er helt eller delvis betalt av Plany, skal rettes til det relevante ledelsesniv\u00e5 i den aktuelle juridiske enhet eller offentlige instans. Det m\u00e5 utvises s\u00e6rlig forsiktighet i forhold til offentlige tjenestemenn og i situasjoner der mottakeren p\u00e5 det aktuelle tidspunkt har en stilling der han eller hun kan foreta skj\u00f8nnsmessige avgj\u00f8relser eller handlinger som kan v\u00e6re fordelaktige for Plany. Planys ansatte m\u00e5 konsultere sine overordnede hvis det er noen som helst tvil om spesielle markedsf\u00f8rings- eller serviceaktiviteter er i overensstemmelse med Planys eller den aktuelle tredjeparts retningslinjer for antikorrupsjon.<\/p><p>Alle utgifter skal godkjennes i henhold til selskapets standardprosedyrer og dokumenteres og registreres i samsvar med rett regnskapsstandard. Planys ansatte m\u00e5 ikke under noen omstendighet motta fra eller gi til en leverand\u00f8r eller forretningspartner noen form for utilb\u00f8rlig fordel, herunder personlige rabatter, provisjoner, udokumenterte prisavslag etc.\u00a0<\/p><p><strong>7: Reise- og representasjonsutgifter<\/strong><\/p><p>Betaling for rimelige og reelle utgifter i forbindelse med seminarer, reise, m\u00e5ltider, overnatting og arrangementer for potensielle og eksisterende kunder kan v\u00e6re tillatt dersom disse utgiftene er direkte relatert til markedsf\u00f8ring, demonstrasjon eller beskrivelse av Planys produkter og tjenester eller til kontraktoppfyllelse.<\/p><p>Betaling av utgifter til reise, m\u00e5ltider, overnatting eller arrangementer for familiemedlemmer eller venner av offentlige tjenestemenn eller forretningsforbindelser er ikke tillatt.<\/p><p>Selv om utveksling av gaver med kunder, leverand\u00f8rer og forretningspartnere er en vanlig del av internasjonal forretningsvirksomhet, skal ikke Plany under noen omstendigheter tilby gaver i form av penger. Gaver, bortsett fra penger, kan imidlertid tillates dersom:<\/p><ul><li>De har minimal \u00f8konomisk verdi, er en sjelden foreteelse og gis i situasjoner der det er klart passende<\/li><li>De ikke gis i en sammenheng eller p\u00e5 en m\u00e5te som gir grunn til \u00e5 tro at mottakeren vil holde en slik gave eller fordel skjult fra sine overordnede. Gaver b\u00f8r f.eks. sendes til mottakerens kontoradresse ved den aktuelle juridiske enhet eller offentlig instans<\/li><li>De ikke gis som motytelse for noen fordel<\/li><\/ul><p><strong>8: Forholdet til agenter og andre representanter<\/strong><\/p><p>Plany tolererer ikke korrupsjon fra sine agenter eller representanter. Agenter og andre representanter som opptrer p\u00e5 vegne av Plany, skal etterleve samme antikorrupsjonsstandard som Plany. Plany skal alltid opptre med n\u00f8dvendig aktsomhet og ta de n\u00f8dvendige skritt for \u00e5 sikre at Planys agenter og andre representanter overholder Planys antikorrupsjonsstandard<\/p>\t\t\t\t\t\t\t\t<\/div>\n\t\t\t\t<\/div>\n\t\t\t\t<\/div>\n\t\t\t\t\t<\/div>\n\t\t\t\t<\/div>\n\t\t\t\t<\/div>\n\t\t","protected":false},"excerpt":{"rendered":"<p>1: Planys retningslinjer for antikorrupsjon Plany skal drive sin virksomhet etter forsvarlige, etiske og sunne forretningsprinsipper og overholde alle lover og regler. Plany vil ikke tillate eller tolerere involvering i noen form for korrupsjon. Det er et krav til alle Planys ansatte at de til enhver tid fullt ut overholder Planys retningslinjer for antikorrupsjon, og [&hellip;]<\/p>\n","protected":false},"author":8,"featured_media":0,"parent":68,"menu_order":0,"comment_status":"closed","ping_status":"closed","template":"","meta":{"site-sidebar-layout":"no-sidebar","site-content-layout":"page-builder","ast-site-content-layout":"default","site-content-style":"default","site-sidebar-style":"default","ast-global-header-display":"","ast-banner-title-visibility":"","ast-main-header-display":"","ast-hfb-above-header-display":"","ast-hfb-below-header-display":"","ast-hfb-mobile-header-display":"","site-post-title":"disabled","ast-breadcrumbs-content":"","ast-featured-img":"disabled","footer-sml-layout":"","ast-disable-related-posts":"","theme-transparent-header-meta":"default","adv-header-id-meta":"","stick-header-meta":"","header-above-stick-meta":"","header-main-stick-meta":"","header-below-stick-meta":"","astra-migrate-meta-layouts":"default","ast-page-background-enabled":"default","ast-page-background-meta":{"desktop":{"background-color":"","background-image":"","background-repeat":"repeat","background-position":"center center","background-size":"auto","background-attachment":"scroll","background-type":"","background-media":"","overlay-type":"","overlay-color":"","overlay-opacity":"","overlay-gradient":""},"tablet":{"background-color":"","background-image":"","background-repeat":"repeat","background-position":"center center","background-size":"auto","background-attachment":"scroll","background-type":"","background-media":"","overlay-type":"","overlay-color":"","overlay-opacity":"","overlay-gradient":""},"mobile":{"background-color":"","background-image":"","background-repeat":"repeat","background-position":"center center","background-size":"auto","background-attachment":"scroll","background-type":"","background-media":"","overlay-type":"","overlay-color":"","overlay-opacity":"","overlay-gradient":""}},"ast-content-background-meta":{"desktop":{"background-color":"var(--ast-global-color-5)","background-image":"","background-repeat":"repeat","background-position":"center center","background-size":"auto","background-attachment":"scroll","background-type":"","background-media":"","overlay-type":"","overlay-color":"","overlay-opacity":"","overlay-gradient":""},"tablet":{"background-color":"var(--ast-global-color-5)","background-image":"","background-repeat":"repeat","background-position":"center center","background-size":"auto","background-attachment":"scroll","background-type":"","background-media":"","overlay-type":"","overlay-color":"","overlay-opacity":"","overlay-gradient":""},"mobile":{"background-color":"var(--ast-global-color-5)","background-image":"","background-repeat":"repeat","background-position":"center center","background-size":"auto","background-attachment":"scroll","background-type":"","background-media":"","overlay-type":"","overlay-color":"","overlay-opacity":"","overlay-gradient":""}},"footnotes":""},"class_list":["post-530","page","type-page","status-publish","hentry"],"yoast_head":"<!-- This site is optimized with the Yoast SEO plugin v27.5 - https:\/\/yoast.com\/product\/yoast-seo-wordpress\/ -->\n<title>Antikorrupsjonsmanual - Plany<\/title>\n<meta name=\"robots\" content=\"index, follow, max-snippet:-1, max-image-preview:large, max-video-preview:-1\" \/>\n<link rel=\"canonical\" href=\"https:\/\/www.plany.no\/en\/om-oss\/antikorrupsjonsmanual\/\" \/>\n<meta property=\"og:locale\" content=\"en_GB\" \/>\n<meta property=\"og:type\" content=\"article\" \/>\n<meta property=\"og:title\" content=\"Antikorrupsjonsmanual - Plany\" \/>\n<meta property=\"og:description\" content=\"1: Planys retningslinjer for antikorrupsjon Plany skal drive sin virksomhet etter forsvarlige, etiske og sunne forretningsprinsipper og overholde alle lover og regler. Plany vil ikke tillate eller tolerere involvering i noen form for korrupsjon. Det er et krav til alle Planys ansatte at de til enhver tid fullt ut overholder Planys retningslinjer for antikorrupsjon, og [&hellip;]\" \/>\n<meta property=\"og:url\" content=\"https:\/\/www.plany.no\/en\/om-oss\/antikorrupsjonsmanual\/\" \/>\n<meta property=\"og:site_name\" content=\"Plany\" \/>\n<meta property=\"article:modified_time\" content=\"2026-03-02T08:05:56+00:00\" \/>\n<meta name=\"twitter:card\" content=\"summary_large_image\" \/>\n<meta name=\"twitter:label1\" content=\"Estimated reading time\" \/>\n\t<meta name=\"twitter:data1\" content=\"6 minutes\" \/>\n<script type=\"application\/ld+json\" class=\"yoast-schema-graph\">{\"@context\":\"https:\\\/\\\/schema.org\",\"@graph\":[{\"@type\":\"WebPage\",\"@id\":\"https:\\\/\\\/www.plany.no\\\/om-oss\\\/antikorrupsjonsmanual\\\/\",\"url\":\"https:\\\/\\\/www.plany.no\\\/om-oss\\\/antikorrupsjonsmanual\\\/\",\"name\":\"Antikorrupsjonsmanual - Plany\",\"isPartOf\":{\"@id\":\"https:\\\/\\\/www.plany.no\\\/#website\"},\"datePublished\":\"2021-07-08T20:23:28+00:00\",\"dateModified\":\"2026-03-02T08:05:56+00:00\",\"breadcrumb\":{\"@id\":\"https:\\\/\\\/www.plany.no\\\/om-oss\\\/antikorrupsjonsmanual\\\/#breadcrumb\"},\"inLanguage\":\"en-GB\",\"potentialAction\":[{\"@type\":\"ReadAction\",\"target\":[\"https:\\\/\\\/www.plany.no\\\/om-oss\\\/antikorrupsjonsmanual\\\/\"]}]},{\"@type\":\"BreadcrumbList\",\"@id\":\"https:\\\/\\\/www.plany.no\\\/om-oss\\\/antikorrupsjonsmanual\\\/#breadcrumb\",\"itemListElement\":[{\"@type\":\"ListItem\",\"position\":1,\"name\":\"Home\",\"item\":\"https:\\\/\\\/www.plany.no\\\/\"},{\"@type\":\"ListItem\",\"position\":2,\"name\":\"Om oss\",\"item\":\"https:\\\/\\\/www.plany.no\\\/om-oss\\\/\"},{\"@type\":\"ListItem\",\"position\":3,\"name\":\"Antikorrupsjonsmanual\"}]},{\"@type\":\"WebSite\",\"@id\":\"https:\\\/\\\/www.plany.no\\\/#website\",\"url\":\"https:\\\/\\\/www.plany.no\\\/\",\"name\":\"Plany\",\"description\":\"\",\"potentialAction\":[{\"@type\":\"SearchAction\",\"target\":{\"@type\":\"EntryPoint\",\"urlTemplate\":\"https:\\\/\\\/www.plany.no\\\/?s={search_term_string}\"},\"query-input\":{\"@type\":\"PropertyValueSpecification\",\"valueRequired\":true,\"valueName\":\"search_term_string\"}}],\"inLanguage\":\"en-GB\"}]}<\/script>\n<!-- \/ Yoast SEO plugin. -->","yoast_head_json":{"title":"Antikorrupsjonsmanual - Plany","robots":{"index":"index","follow":"follow","max-snippet":"max-snippet:-1","max-image-preview":"max-image-preview:large","max-video-preview":"max-video-preview:-1"},"canonical":"https:\/\/www.plany.no\/en\/om-oss\/antikorrupsjonsmanual\/","og_locale":"en_GB","og_type":"article","og_title":"Antikorrupsjonsmanual - Plany","og_description":"1: Planys retningslinjer for antikorrupsjon Plany skal drive sin virksomhet etter forsvarlige, etiske og sunne forretningsprinsipper og overholde alle lover og regler. Plany vil ikke tillate eller tolerere involvering i noen form for korrupsjon. Det er et krav til alle Planys ansatte at de til enhver tid fullt ut overholder Planys retningslinjer for antikorrupsjon, og [&hellip;]","og_url":"https:\/\/www.plany.no\/en\/om-oss\/antikorrupsjonsmanual\/","og_site_name":"Plany","article_modified_time":"2026-03-02T08:05:56+00:00","twitter_card":"summary_large_image","twitter_misc":{"Estimated reading time":"6 minutes"},"schema":{"@context":"https:\/\/schema.org","@graph":[{"@type":"WebPage","@id":"https:\/\/www.plany.no\/om-oss\/antikorrupsjonsmanual\/","url":"https:\/\/www.plany.no\/om-oss\/antikorrupsjonsmanual\/","name":"Antikorrupsjonsmanual - Plany","isPartOf":{"@id":"https:\/\/www.plany.no\/#website"},"datePublished":"2021-07-08T20:23:28+00:00","dateModified":"2026-03-02T08:05:56+00:00","breadcrumb":{"@id":"https:\/\/www.plany.no\/om-oss\/antikorrupsjonsmanual\/#breadcrumb"},"inLanguage":"en-GB","potentialAction":[{"@type":"ReadAction","target":["https:\/\/www.plany.no\/om-oss\/antikorrupsjonsmanual\/"]}]},{"@type":"BreadcrumbList","@id":"https:\/\/www.plany.no\/om-oss\/antikorrupsjonsmanual\/#breadcrumb","itemListElement":[{"@type":"ListItem","position":1,"name":"Home","item":"https:\/\/www.plany.no\/"},{"@type":"ListItem","position":2,"name":"Om oss","item":"https:\/\/www.plany.no\/om-oss\/"},{"@type":"ListItem","position":3,"name":"Antikorrupsjonsmanual"}]},{"@type":"WebSite","@id":"https:\/\/www.plany.no\/#website","url":"https:\/\/www.plany.no\/","name":"Plany","description":"","potentialAction":[{"@type":"SearchAction","target":{"@type":"EntryPoint","urlTemplate":"https:\/\/www.plany.no\/?s={search_term_string}"},"query-input":{"@type":"PropertyValueSpecification","valueRequired":true,"valueName":"search_term_string"}}],"inLanguage":"en-GB"}]}},"_links":{"self":[{"href":"https:\/\/www.plany.no\/en\/wp-json\/wp\/v2\/pages\/530","targetHints":{"allow":["GET"]}}],"collection":[{"href":"https:\/\/www.plany.no\/en\/wp-json\/wp\/v2\/pages"}],"about":[{"href":"https:\/\/www.plany.no\/en\/wp-json\/wp\/v2\/types\/page"}],"author":[{"embeddable":true,"href":"https:\/\/www.plany.no\/en\/wp-json\/wp\/v2\/users\/8"}],"replies":[{"embeddable":true,"href":"https:\/\/www.plany.no\/en\/wp-json\/wp\/v2\/comments?post=530"}],"version-history":[{"count":0,"href":"https:\/\/www.plany.no\/en\/wp-json\/wp\/v2\/pages\/530\/revisions"}],"up":[{"embeddable":true,"href":"https:\/\/www.plany.no\/en\/wp-json\/wp\/v2\/pages\/68"}],"wp:attachment":[{"href":"https:\/\/www.plany.no\/en\/wp-json\/wp\/v2\/media?parent=530"}],"curies":[{"name":"wp","href":"https:\/\/api.w.org\/{rel}","templated":true}]}}