{"id":522,"date":"2021-07-08T22:14:44","date_gmt":"2021-07-08T20:14:44","guid":{"rendered":"https:\/\/plany.wpengine.com\/?page_id=522"},"modified":"2025-11-27T18:28:50","modified_gmt":"2025-11-27T17:28:50","slug":"kvalitet-hms-og-miljo","status":"publish","type":"page","link":"https:\/\/www.plany.no\/en\/om-oss\/kvalitet-hms-og-miljo\/","title":{"rendered":"Quality, environment and HSE"},"content":{"rendered":"\t\t<div data-elementor-type=\"wp-page\" data-elementor-id=\"522\" class=\"elementor elementor-522\" data-elementor-post-type=\"page\">\n\t\t\t\t<div data-dce-background-color=\"#29353E\" data-dce-background-overlay-color=\"#253745\" data-dce-background-image-url=\"https:\/\/www.plany.no\/wp-content\/uploads\/2021\/06\/maps-9Z4Y5GV.png\" class=\"elementor-element elementor-element-dbee2a4 e-flex e-con-boxed e-con e-parent\" data-id=\"dbee2a4\" data-element_type=\"container\" data-e-type=\"container\" data-settings=\"{&quot;background_background&quot;:&quot;classic&quot;,&quot;jet_parallax_layout_list&quot;:[{&quot;_id&quot;:&quot;7f2a92f&quot;,&quot;jet_parallax_layout_image&quot;:{&quot;url&quot;:&quot;&quot;,&quot;id&quot;:&quot;&quot;,&quot;size&quot;:&quot;&quot;},&quot;jet_parallax_layout_image_widescreen&quot;:{&quot;url&quot;:&quot;&quot;,&quot;id&quot;:&quot;&quot;,&quot;size&quot;:&quot;&quot;},&quot;jet_parallax_layout_image_laptop&quot;:{&quot;url&quot;:&quot;&quot;,&quot;id&quot;:&quot;&quot;,&quot;size&quot;:&quot;&quot;},&quot;jet_parallax_layout_image_tablet&quot;:{&quot;url&quot;:&quot;&quot;,&quot;id&quot;:&quot;&quot;,&quot;size&quot;:&quot;&quot;},&quot;jet_parallax_layout_image_mobile&quot;:{&quot;url&quot;:&quot;&quot;,&quot;id&quot;:&quot;&quot;,&quot;size&quot;:&quot;&quot;},&quot;jet_parallax_layout_speed&quot;:{&quot;unit&quot;:&quot;%&quot;,&quot;size&quot;:50,&quot;sizes&quot;:[]},&quot;jet_parallax_layout_type&quot;:&quot;scroll&quot;,&quot;jet_parallax_layout_direction&quot;:&quot;1&quot;,&quot;jet_parallax_layout_fx_direction&quot;:null,&quot;jet_parallax_layout_z_index&quot;:&quot;&quot;,&quot;jet_parallax_layout_bg_x&quot;:50,&quot;jet_parallax_layout_bg_x_widescreen&quot;:&quot;&quot;,&quot;jet_parallax_layout_bg_x_laptop&quot;:&quot;&quot;,&quot;jet_parallax_layout_bg_x_tablet&quot;:&quot;&quot;,&quot;jet_parallax_layout_bg_x_mobile&quot;:&quot;&quot;,&quot;jet_parallax_layout_bg_y&quot;:50,&quot;jet_parallax_layout_bg_y_widescreen&quot;:&quot;&quot;,&quot;jet_parallax_layout_bg_y_laptop&quot;:&quot;&quot;,&quot;jet_parallax_layout_bg_y_tablet&quot;:&quot;&quot;,&quot;jet_parallax_layout_bg_y_mobile&quot;:&quot;&quot;,&quot;jet_parallax_layout_bg_size&quot;:&quot;auto&quot;,&quot;jet_parallax_layout_bg_size_widescreen&quot;:&quot;&quot;,&quot;jet_parallax_layout_bg_size_laptop&quot;:&quot;&quot;,&quot;jet_parallax_layout_bg_size_tablet&quot;:&quot;&quot;,&quot;jet_parallax_layout_bg_size_mobile&quot;:&quot;&quot;,&quot;jet_parallax_layout_animation_prop&quot;:&quot;transform&quot;,&quot;jet_parallax_layout_on&quot;:[&quot;desktop&quot;,&quot;tablet&quot;]}]}\">\n\t\t\t\t\t<div class=\"e-con-inner\">\n\t\t<div class=\"elementor-element elementor-element-e36c0bb e-con-full e-flex e-con e-child\" data-id=\"e36c0bb\" data-element_type=\"container\" data-e-type=\"container\" data-settings=\"{&quot;jet_parallax_layout_list&quot;:[]}\">\n\t\t\t\t<div data-dce-title-color=\"#FFFFFF\" class=\"elementor-element elementor-element-768b97b elementor-widget elementor-widget-heading\" data-id=\"768b97b\" data-element_type=\"widget\" data-e-type=\"widget\" data-widget_type=\"heading.default\">\n\t\t\t\t<div class=\"elementor-widget-container\">\n\t\t\t\t\t<h2 class=\"elementor-heading-title elementor-size-default\">Kvalitet, hms og milj\u00f8<\/h2>\t\t\t\t<\/div>\n\t\t\t\t<\/div>\n\t\t\t\t<\/div>\n\t\t\t\t\t<\/div>\n\t\t\t\t<\/div>\n\t\t<div class=\"elementor-element elementor-element-ddc6a1a e-flex e-con-boxed e-con e-parent\" data-id=\"ddc6a1a\" data-element_type=\"container\" data-e-type=\"container\" data-settings=\"{&quot;jet_parallax_layout_list&quot;:[{&quot;jet_parallax_layout_image&quot;:{&quot;url&quot;:&quot;&quot;,&quot;id&quot;:&quot;&quot;,&quot;size&quot;:&quot;&quot;},&quot;_id&quot;:&quot;c60f80e&quot;,&quot;jet_parallax_layout_image_widescreen&quot;:{&quot;url&quot;:&quot;&quot;,&quot;id&quot;:&quot;&quot;,&quot;size&quot;:&quot;&quot;},&quot;jet_parallax_layout_image_laptop&quot;:{&quot;url&quot;:&quot;&quot;,&quot;id&quot;:&quot;&quot;,&quot;size&quot;:&quot;&quot;},&quot;jet_parallax_layout_image_tablet&quot;:{&quot;url&quot;:&quot;&quot;,&quot;id&quot;:&quot;&quot;,&quot;size&quot;:&quot;&quot;},&quot;jet_parallax_layout_image_mobile&quot;:{&quot;url&quot;:&quot;&quot;,&quot;id&quot;:&quot;&quot;,&quot;size&quot;:&quot;&quot;},&quot;jet_parallax_layout_speed&quot;:{&quot;unit&quot;:&quot;%&quot;,&quot;size&quot;:50,&quot;sizes&quot;:[]},&quot;jet_parallax_layout_type&quot;:&quot;scroll&quot;,&quot;jet_parallax_layout_direction&quot;:&quot;1&quot;,&quot;jet_parallax_layout_fx_direction&quot;:null,&quot;jet_parallax_layout_z_index&quot;:&quot;&quot;,&quot;jet_parallax_layout_bg_x&quot;:50,&quot;jet_parallax_layout_bg_x_widescreen&quot;:&quot;&quot;,&quot;jet_parallax_layout_bg_x_laptop&quot;:&quot;&quot;,&quot;jet_parallax_layout_bg_x_tablet&quot;:&quot;&quot;,&quot;jet_parallax_layout_bg_x_mobile&quot;:&quot;&quot;,&quot;jet_parallax_layout_bg_y&quot;:50,&quot;jet_parallax_layout_bg_y_widescreen&quot;:&quot;&quot;,&quot;jet_parallax_layout_bg_y_laptop&quot;:&quot;&quot;,&quot;jet_parallax_layout_bg_y_tablet&quot;:&quot;&quot;,&quot;jet_parallax_layout_bg_y_mobile&quot;:&quot;&quot;,&quot;jet_parallax_layout_bg_size&quot;:&quot;auto&quot;,&quot;jet_parallax_layout_bg_size_widescreen&quot;:&quot;&quot;,&quot;jet_parallax_layout_bg_size_laptop&quot;:&quot;&quot;,&quot;jet_parallax_layout_bg_size_tablet&quot;:&quot;&quot;,&quot;jet_parallax_layout_bg_size_mobile&quot;:&quot;&quot;,&quot;jet_parallax_layout_animation_prop&quot;:&quot;transform&quot;,&quot;jet_parallax_layout_on&quot;:[&quot;desktop&quot;,&quot;tablet&quot;]}]}\">\n\t\t\t\t\t<div class=\"e-con-inner\">\n\t\t<div class=\"elementor-element elementor-element-6fa2478 e-con-full e-flex e-con e-child\" data-id=\"6fa2478\" data-element_type=\"container\" data-e-type=\"container\" data-settings=\"{&quot;jet_parallax_layout_list&quot;:[]}\">\n\t\t\t\t<div data-dce-title-color=\"#000000\" class=\"elementor-element elementor-element-488efdf elementor-widget elementor-widget-heading\" data-id=\"488efdf\" data-element_type=\"widget\" data-e-type=\"widget\" data-widget_type=\"heading.default\">\n\t\t\t\t<div class=\"elementor-widget-container\">\n\t\t\t\t\t<h2 class=\"elementor-heading-title elementor-size-default\">PLANY AS SINE POLITIKKER\n\n<\/h2>\t\t\t\t<\/div>\n\t\t\t\t<\/div>\n\t\t\t\t<div class=\"elementor-element elementor-element-2177ec0 elementor-widget elementor-widget-text-editor\" data-id=\"2177ec0\" data-element_type=\"widget\" data-e-type=\"widget\" data-widget_type=\"text-editor.default\">\n\t\t\t\t<div class=\"elementor-widget-container\">\n\t\t\t\t\t\t\t\t\t<p>Plany AS leverer tekniske tekstiler til bruk i akvakultur, landbruk og industri. Vi leverer v\u00e5re produkt og tjenester til nasjonale og internasjonale kunder. V\u00e5r overordnet strategi, m\u00e5lsettinger og risikovurderinger danner grunnlaget for v\u00e5re politikker med tilh\u00f8rende m\u00e5l og handlingsplaner.<\/p>\t\t\t\t\t\t\t\t<\/div>\n\t\t\t\t<\/div>\n\t\t\t\t<\/div>\n\t\t\t\t\t<\/div>\n\t\t\t\t<\/div>\n\t\t<div class=\"elementor-element elementor-element-8bdf727 e-grid e-con-boxed e-con e-parent\" data-id=\"8bdf727\" data-element_type=\"container\" data-e-type=\"container\" data-settings=\"{&quot;jet_parallax_layout_list&quot;:[]}\">\n\t\t\t\t\t<div class=\"e-con-inner\">\n\t\t<div class=\"elementor-element elementor-element-2262d00 e-con-full e-flex e-con e-child\" data-id=\"2262d00\" data-element_type=\"container\" data-e-type=\"container\" data-settings=\"{&quot;jet_parallax_layout_list&quot;:[]}\">\n\t\t\t\t<div data-dce-title-color=\"#000000\" class=\"elementor-element elementor-element-2a1c9d2 elementor-widget elementor-widget-heading\" data-id=\"2a1c9d2\" data-element_type=\"widget\" data-e-type=\"widget\" data-widget_type=\"heading.default\">\n\t\t\t\t<div class=\"elementor-widget-container\">\n\t\t\t\t\t<h2 class=\"elementor-heading-title elementor-size-default\">KVALITET\n<\/h2>\t\t\t\t<\/div>\n\t\t\t\t<\/div>\n\t\t\t\t<div class=\"elementor-element elementor-element-12591b5 elementor-widget elementor-widget-text-editor\" data-id=\"12591b5\" data-element_type=\"widget\" data-e-type=\"widget\" data-widget_type=\"text-editor.default\">\n\t\t\t\t<div class=\"elementor-widget-container\">\n\t\t\t\t\t\t\t\t\t<p><b>Plany skal skape l\u00f8nnsome og b\u00e6rekraftige l\u00f8sninger gjennom design av produkt og system, tjenester og produksjon av h\u00f8y kvalitet. V\u00e5re kunder skal oppleve at vi er til \u00e5 stole p\u00e5 og at vi innfrir deres krav.<\/b><\/p><p><span style=\"font-weight: 400;\">For \u00e5 lykkes i v\u00e5rt kvalitetsarbeid skal vi:<\/span><\/p><ul><li style=\"font-weight: 400;\" aria-level=\"1\"><span style=\"font-weight: 400;\">Ha kunden i fokus<\/span><\/li><li style=\"font-weight: 400;\" aria-level=\"1\"><span style=\"font-weight: 400;\">Ha en aktiv dialog med kunde<\/span><\/li><li style=\"font-weight: 400;\" aria-level=\"1\"><span style=\"font-weight: 400;\">Levere til avtalt tid, kvalitet og pris<\/span><\/li><li style=\"font-weight: 400;\" aria-level=\"1\"><span style=\"font-weight: 400;\">Fokusere p\u00e5 kontinuerlig forbedring og videreutvikling av produkt, prosesser og tjenester gjennom god kommunikasjon, riktig kompetanse og tydelig, effektive prosesser og klare ansvarsomr\u00e5der.<\/span><\/li><\/ul><ul><li style=\"font-weight: 400;\" aria-level=\"1\"><span style=\"font-weight: 400;\">Operere i henhold til gjeldende lover og regler inkludert internasjonale konvensjoner om menneskerettigheter og anstendig arbeidsforhold.<\/span><\/li><\/ul>\t\t\t\t\t\t\t\t<\/div>\n\t\t\t\t<\/div>\n\t\t\t\t<\/div>\n\t\t<div data-dce-background-image-url=\"https:\/\/www.plany.no\/wp-content\/uploads\/2021\/07\/kvalitet_2882.jpg\" class=\"elementor-element elementor-element-7de73e8 e-con-full e-flex e-con e-child\" data-id=\"7de73e8\" data-element_type=\"container\" data-e-type=\"container\" data-settings=\"{&quot;jet_parallax_layout_list&quot;:[],&quot;background_background&quot;:&quot;classic&quot;}\">\n\t\t\t\t<\/div>\n\t\t<div class=\"elementor-element elementor-element-84bf932 e-con-full e-flex e-con e-child\" data-id=\"84bf932\" data-element_type=\"container\" data-e-type=\"container\" data-settings=\"{&quot;jet_parallax_layout_list&quot;:[]}\">\n\t\t\t\t<div data-dce-title-color=\"#000000\" class=\"elementor-element elementor-element-50d0d0a elementor-widget elementor-widget-heading\" data-id=\"50d0d0a\" data-element_type=\"widget\" data-e-type=\"widget\" data-widget_type=\"heading.default\">\n\t\t\t\t<div class=\"elementor-widget-container\">\n\t\t\t\t\t<h2 class=\"elementor-heading-title elementor-size-default\">MILJ\u00d8\n<\/h2>\t\t\t\t<\/div>\n\t\t\t\t<\/div>\n\t\t\t\t<div class=\"elementor-element elementor-element-a28f2bc elementor-widget elementor-widget-text-editor\" data-id=\"a28f2bc\" data-element_type=\"widget\" data-e-type=\"widget\" data-widget_type=\"text-editor.default\">\n\t\t\t\t<div class=\"elementor-widget-container\">\n\t\t\t\t\t\t\t\t\t<p><b>Vi skal arbeide kontinuerlig for \u00e5 redusere milj\u00f8p\u00e5virkning, \u00f8ke milj\u00f8prestasjon og sikre b\u00e6rekraft i alle ledd i verdikjeden. Dette skal vi gj\u00f8re ved \u00e5 forebygge og redusere ressursbruk, utslipp og avfall gjennom risikobasert styring. Ved \u00e5 holde oss oppdatert p\u00e5 nye og mer milj\u00f8vennlige l\u00f8sninger, skal vi tilby v\u00e5re kunder mer milj\u00f8vennlige alternativ.<\/b><\/p><p><span style=\"font-weight: 400;\">For \u00e5 lykkes i v\u00e5rt milj\u00f8arbeid skal vi:<\/span><\/p><ul><li style=\"font-weight: 400;\" aria-level=\"1\"><span style=\"font-weight: 400;\">Ha tydelige milj\u00f8m\u00e5l basert p\u00e5 milj\u00f8aspektanalyse<\/span><\/li><li style=\"font-weight: 400;\" aria-level=\"1\"><span style=\"font-weight: 400;\">Dyrke milj\u00f8bevissthet og kompetanse i egen organisasjon<\/span><\/li><li style=\"font-weight: 400;\" aria-level=\"1\"><span style=\"font-weight: 400;\">Kommunisere v\u00e5r milj\u00f8prestasjon internt og eksternt<\/span><\/li><li style=\"font-weight: 400;\" aria-level=\"1\"><span style=\"font-weight: 400;\">Bruke framtidsrettet og milj\u00f8vennlig teknologi i v\u00e5r produksjonsprosesser<\/span><\/li><li style=\"font-weight: 400;\" aria-level=\"1\"><span style=\"font-weight: 400;\">Tilfredsstille eksterne og lovp\u00e5lagte og interne milj\u00f8krav<\/span><\/li><\/ul>\t\t\t\t\t\t\t\t<\/div>\n\t\t\t\t<\/div>\n\t\t\t\t<\/div>\n\t\t<div data-dce-background-image-url=\"https:\/\/www.plany.no\/wp-content\/uploads\/2021\/07\/miljo_afe3.jpg\" class=\"elementor-element elementor-element-d67b12b e-con-full e-flex e-con e-child\" data-id=\"d67b12b\" data-element_type=\"container\" data-e-type=\"container\" data-settings=\"{&quot;jet_parallax_layout_list&quot;:[],&quot;background_background&quot;:&quot;classic&quot;}\">\n\t\t\t\t<\/div>\n\t\t<div class=\"elementor-element elementor-element-dbe087d e-con-full e-flex e-con e-child\" data-id=\"dbe087d\" data-element_type=\"container\" data-e-type=\"container\" data-settings=\"{&quot;jet_parallax_layout_list&quot;:[]}\">\n\t\t\t\t<div data-dce-title-color=\"#000000\" class=\"elementor-element elementor-element-4dd5dc5 elementor-widget elementor-widget-heading\" data-id=\"4dd5dc5\" data-element_type=\"widget\" data-e-type=\"widget\" data-widget_type=\"heading.default\">\n\t\t\t\t<div class=\"elementor-widget-container\">\n\t\t\t\t\t<h2 class=\"elementor-heading-title elementor-size-default\">HMS\n<\/h2>\t\t\t\t<\/div>\n\t\t\t\t<\/div>\n\t\t\t\t<div class=\"elementor-element elementor-element-3bc1a07 elementor-widget elementor-widget-text-editor\" data-id=\"3bc1a07\" data-element_type=\"widget\" data-e-type=\"widget\" data-widget_type=\"text-editor.default\">\n\t\t\t\t<div class=\"elementor-widget-container\">\n\t\t\t\t\t\t\t\t\t<p><span style=\"font-weight: 400;\">V\u00e5r HMS-policy m\u00e5 sees i sammenheng med v\u00e5r kvalitet\u2013 og milj\u00f8policy.<\/span><\/p><p><span style=\"font-weight: 400;\">I v\u00e5r bedrift skal vi sammen skape et trivelig og sikkert arbeidsmilj\u00f8 for alle ansatte.\u00a0<\/span><\/p><p><span style=\"font-weight: 400;\">For \u00e5 lykke i v\u00e5rt HMS-arbeid skal vi:\u00a0<\/span><\/p><ul><li style=\"font-weight: 400;\" aria-level=\"1\"><span style=\"font-weight: 400;\">Beskytte bedriften sine bygninger og materiell.\u00a0<\/span><\/li><li style=\"font-weight: 400;\" aria-level=\"1\"><span style=\"font-weight: 400;\">Forhindre skader p\u00e5 ytre milj\u00f8.\u00a0<\/span><\/li><li style=\"font-weight: 400;\" aria-level=\"1\"><span style=\"font-weight: 400;\">V\u00e5re produkt, system og tjenester skal ikke skade brukeren og ansatte.<\/span><\/li><li style=\"font-weight: 400;\" aria-level=\"1\"><span style=\"font-weight: 400;\">Alle ansatte skal delta aktivt i v\u00e5rt kontinuerlige forbedringsarbeid.\u00a0<\/span><\/li><li style=\"font-weight: 400;\" aria-level=\"1\"><span style=\"font-weight: 400;\">Ha en velfungerende internkontroll som sikrer trygghet og trivsel p\u00e5 arbeidsplassen.<\/span><\/li><li style=\"font-weight: 400;\" aria-level=\"1\"><span style=\"font-weight: 400;\">Operere i henhold til gjeldende lover og regler inkludert internasjonale konvensjoner om menneskerettigheter og anstendig arbeidsforhold.<\/span><\/li><\/ul><p><b>PLANY AS er sertifisert iht. ISO 9001 for kvalitet og ISO 14001 for milj\u00f8<\/b><\/p>\t\t\t\t\t\t\t\t<\/div>\n\t\t\t\t<\/div>\n\t\t\t\t<div class=\"elementor-element elementor-element-ba1f419 elementor-align-right elementor-widget elementor-widget-button\" data-id=\"ba1f419\" data-element_type=\"widget\" data-e-type=\"widget\" data-widget_type=\"button.default\">\n\t\t\t\t<div class=\"elementor-widget-container\">\n\t\t\t\t\t\t\t\t\t<div class=\"elementor-button-wrapper\">\n\t\t\t\t\t<a class=\"elementor-button elementor-button-link elementor-size-sm\" href=\"https:\/\/www.plany.no\/wp-content\/uploads\/2024\/11\/Plany-AS_-Mal-og-KPIer_1.0.0-pluss-politikk-2.0-002.pdf\" target=\"_blank\">\n\t\t\t\t\t\t<span class=\"elementor-button-content-wrapper\">\n\t\t\t\t\t\t\t\t\t<span class=\"elementor-button-text\">Se v\u00e5re m\u00e5l og KPI'er<\/span>\n\t\t\t\t\t<\/span>\n\t\t\t\t\t<\/a>\n\t\t\t\t<\/div>\n\t\t\t\t\t\t\t\t<\/div>\n\t\t\t\t<\/div>\n\t\t\t\t<\/div>\n\t\t<div data-dce-background-image-url=\"https:\/\/www.plany.no\/wp-content\/uploads\/2021\/07\/hms_5971.jpg\" class=\"elementor-element elementor-element-25b8a9b e-con-full e-flex e-con e-child\" data-id=\"25b8a9b\" data-element_type=\"container\" data-e-type=\"container\" data-settings=\"{&quot;jet_parallax_layout_list&quot;:[],&quot;background_background&quot;:&quot;classic&quot;}\">\n\t\t\t\t<\/div>\n\t\t\t\t\t<\/div>\n\t\t\t\t<\/div>\n\t\t\t\t<\/div>\n\t\t","protected":false},"excerpt":{"rendered":"<p>PLANY AS SINE POLITIKKER Plany AS leverer tekniske tekstiler til bruk i akvakultur, landbruk og industri. Vi leverer v\u00e5re produkt og tjenester til nasjonale og internasjonale kunder. V\u00e5r overordnet strategi, m\u00e5lsettinger og risikovurderinger danner grunnlaget for v\u00e5re politikker med tilh\u00f8rende m\u00e5l og handlingsplaner. KVALITET Plany skal skape l\u00f8nnsome og b\u00e6rekraftige l\u00f8sninger gjennom design av produkt [&hellip;]<\/p>\n","protected":false},"author":8,"featured_media":0,"parent":68,"menu_order":0,"comment_status":"closed","ping_status":"closed","template":"","meta":{"site-sidebar-layout":"no-sidebar","site-content-layout":"page-builder","ast-site-content-layout":"default","site-content-style":"default","site-sidebar-style":"default","ast-global-header-display":"","ast-banner-title-visibility":"","ast-main-header-display":"","ast-hfb-above-header-display":"","ast-hfb-below-header-display":"","ast-hfb-mobile-header-display":"","site-post-title":"disabled","ast-breadcrumbs-content":"","ast-featured-img":"disabled","footer-sml-layout":"","ast-disable-related-posts":"","theme-transparent-header-meta":"default","adv-header-id-meta":"","stick-header-meta":"","header-above-stick-meta":"","header-main-stick-meta":"","header-below-stick-meta":"","astra-migrate-meta-layouts":"default","ast-page-background-enabled":"default","ast-page-background-meta":{"desktop":{"background-color":"","background-image":"","background-repeat":"repeat","background-position":"center center","background-size":"auto","background-attachment":"scroll","background-type":"","background-media":"","overlay-type":"","overlay-color":"","overlay-opacity":"","overlay-gradient":""},"tablet":{"background-color":"","background-image":"","background-repeat":"repeat","background-position":"center center","background-size":"auto","background-attachment":"scroll","background-type":"","background-media":"","overlay-type":"","overlay-color":"","overlay-opacity":"","overlay-gradient":""},"mobile":{"background-color":"","background-image":"","background-repeat":"repeat","background-position":"center center","background-size":"auto","background-attachment":"scroll","background-type":"","background-media":"","overlay-type":"","overlay-color":"","overlay-opacity":"","overlay-gradient":""}},"ast-content-background-meta":{"desktop":{"background-color":"var(--ast-global-color-5)","background-image":"","background-repeat":"repeat","background-position":"center center","background-size":"auto","background-attachment":"scroll","background-type":"","background-media":"","overlay-type":"","overlay-color":"","overlay-opacity":"","overlay-gradient":""},"tablet":{"background-color":"var(--ast-global-color-5)","background-image":"","background-repeat":"repeat","background-position":"center center","background-size":"auto","background-attachment":"scroll","background-type":"","background-media":"","overlay-type":"","overlay-color":"","overlay-opacity":"","overlay-gradient":""},"mobile":{"background-color":"var(--ast-global-color-5)","background-image":"","background-repeat":"repeat","background-position":"center center","background-size":"auto","background-attachment":"scroll","background-type":"","background-media":"","overlay-type":"","overlay-color":"","overlay-opacity":"","overlay-gradient":""}},"footnotes":""},"class_list":["post-522","page","type-page","status-publish","hentry"],"yoast_head":"<!-- This site is optimized with the Yoast SEO plugin v27.5 - https:\/\/yoast.com\/product\/yoast-seo-wordpress\/ -->\n<title>Kvalitet, hms og milj\u00f8 - Plany<\/title>\n<meta name=\"robots\" content=\"index, follow, max-snippet:-1, max-image-preview:large, max-video-preview:-1\" \/>\n<link rel=\"canonical\" href=\"https:\/\/www.plany.no\/en\/om-oss\/kvalitet-hms-og-miljo\/\" \/>\n<meta property=\"og:locale\" content=\"en_GB\" \/>\n<meta property=\"og:type\" content=\"article\" \/>\n<meta property=\"og:title\" content=\"Kvalitet, hms og milj\u00f8 - Plany\" \/>\n<meta property=\"og:description\" content=\"PLANY AS SINE POLITIKKER Plany AS leverer tekniske tekstiler til bruk i akvakultur, landbruk og industri. Vi leverer v\u00e5re produkt og tjenester til nasjonale og internasjonale kunder. V\u00e5r overordnet strategi, m\u00e5lsettinger og risikovurderinger danner grunnlaget for v\u00e5re politikker med tilh\u00f8rende m\u00e5l og handlingsplaner. KVALITET Plany skal skape l\u00f8nnsome og b\u00e6rekraftige l\u00f8sninger gjennom design av produkt [&hellip;]\" \/>\n<meta property=\"og:url\" content=\"https:\/\/www.plany.no\/en\/om-oss\/kvalitet-hms-og-miljo\/\" \/>\n<meta property=\"og:site_name\" content=\"Plany\" \/>\n<meta property=\"article:modified_time\" content=\"2025-11-27T17:28:50+00:00\" \/>\n<meta name=\"twitter:card\" content=\"summary_large_image\" \/>\n<meta name=\"twitter:label1\" content=\"Estimated reading time\" \/>\n\t<meta name=\"twitter:data1\" content=\"2 minutes\" \/>\n<script type=\"application\/ld+json\" class=\"yoast-schema-graph\">{\"@context\":\"https:\\\/\\\/schema.org\",\"@graph\":[{\"@type\":\"WebPage\",\"@id\":\"https:\\\/\\\/www.plany.no\\\/om-oss\\\/kvalitet-hms-og-miljo\\\/\",\"url\":\"https:\\\/\\\/www.plany.no\\\/om-oss\\\/kvalitet-hms-og-miljo\\\/\",\"name\":\"Kvalitet, hms og milj\u00f8 - Plany\",\"isPartOf\":{\"@id\":\"https:\\\/\\\/www.plany.no\\\/#website\"},\"datePublished\":\"2021-07-08T20:14:44+00:00\",\"dateModified\":\"2025-11-27T17:28:50+00:00\",\"breadcrumb\":{\"@id\":\"https:\\\/\\\/www.plany.no\\\/om-oss\\\/kvalitet-hms-og-miljo\\\/#breadcrumb\"},\"inLanguage\":\"en-GB\",\"potentialAction\":[{\"@type\":\"ReadAction\",\"target\":[\"https:\\\/\\\/www.plany.no\\\/om-oss\\\/kvalitet-hms-og-miljo\\\/\"]}]},{\"@type\":\"BreadcrumbList\",\"@id\":\"https:\\\/\\\/www.plany.no\\\/om-oss\\\/kvalitet-hms-og-miljo\\\/#breadcrumb\",\"itemListElement\":[{\"@type\":\"ListItem\",\"position\":1,\"name\":\"Home\",\"item\":\"https:\\\/\\\/www.plany.no\\\/\"},{\"@type\":\"ListItem\",\"position\":2,\"name\":\"Om oss\",\"item\":\"https:\\\/\\\/www.plany.no\\\/om-oss\\\/\"},{\"@type\":\"ListItem\",\"position\":3,\"name\":\"Kvalitet, hms og milj\u00f8\"}]},{\"@type\":\"WebSite\",\"@id\":\"https:\\\/\\\/www.plany.no\\\/#website\",\"url\":\"https:\\\/\\\/www.plany.no\\\/\",\"name\":\"Plany\",\"description\":\"\",\"potentialAction\":[{\"@type\":\"SearchAction\",\"target\":{\"@type\":\"EntryPoint\",\"urlTemplate\":\"https:\\\/\\\/www.plany.no\\\/?s={search_term_string}\"},\"query-input\":{\"@type\":\"PropertyValueSpecification\",\"valueRequired\":true,\"valueName\":\"search_term_string\"}}],\"inLanguage\":\"en-GB\"}]}<\/script>\n<!-- \/ Yoast SEO plugin. -->","yoast_head_json":{"title":"Kvalitet, hms og milj\u00f8 - Plany","robots":{"index":"index","follow":"follow","max-snippet":"max-snippet:-1","max-image-preview":"max-image-preview:large","max-video-preview":"max-video-preview:-1"},"canonical":"https:\/\/www.plany.no\/en\/om-oss\/kvalitet-hms-og-miljo\/","og_locale":"en_GB","og_type":"article","og_title":"Kvalitet, hms og milj\u00f8 - Plany","og_description":"PLANY AS SINE POLITIKKER Plany AS leverer tekniske tekstiler til bruk i akvakultur, landbruk og industri. Vi leverer v\u00e5re produkt og tjenester til nasjonale og internasjonale kunder. V\u00e5r overordnet strategi, m\u00e5lsettinger og risikovurderinger danner grunnlaget for v\u00e5re politikker med tilh\u00f8rende m\u00e5l og handlingsplaner. KVALITET Plany skal skape l\u00f8nnsome og b\u00e6rekraftige l\u00f8sninger gjennom design av produkt [&hellip;]","og_url":"https:\/\/www.plany.no\/en\/om-oss\/kvalitet-hms-og-miljo\/","og_site_name":"Plany","article_modified_time":"2025-11-27T17:28:50+00:00","twitter_card":"summary_large_image","twitter_misc":{"Estimated reading time":"2 minutes"},"schema":{"@context":"https:\/\/schema.org","@graph":[{"@type":"WebPage","@id":"https:\/\/www.plany.no\/om-oss\/kvalitet-hms-og-miljo\/","url":"https:\/\/www.plany.no\/om-oss\/kvalitet-hms-og-miljo\/","name":"Kvalitet, hms og milj\u00f8 - Plany","isPartOf":{"@id":"https:\/\/www.plany.no\/#website"},"datePublished":"2021-07-08T20:14:44+00:00","dateModified":"2025-11-27T17:28:50+00:00","breadcrumb":{"@id":"https:\/\/www.plany.no\/om-oss\/kvalitet-hms-og-miljo\/#breadcrumb"},"inLanguage":"en-GB","potentialAction":[{"@type":"ReadAction","target":["https:\/\/www.plany.no\/om-oss\/kvalitet-hms-og-miljo\/"]}]},{"@type":"BreadcrumbList","@id":"https:\/\/www.plany.no\/om-oss\/kvalitet-hms-og-miljo\/#breadcrumb","itemListElement":[{"@type":"ListItem","position":1,"name":"Home","item":"https:\/\/www.plany.no\/"},{"@type":"ListItem","position":2,"name":"Om oss","item":"https:\/\/www.plany.no\/om-oss\/"},{"@type":"ListItem","position":3,"name":"Kvalitet, hms og milj\u00f8"}]},{"@type":"WebSite","@id":"https:\/\/www.plany.no\/#website","url":"https:\/\/www.plany.no\/","name":"Plany","description":"","potentialAction":[{"@type":"SearchAction","target":{"@type":"EntryPoint","urlTemplate":"https:\/\/www.plany.no\/?s={search_term_string}"},"query-input":{"@type":"PropertyValueSpecification","valueRequired":true,"valueName":"search_term_string"}}],"inLanguage":"en-GB"}]}},"_links":{"self":[{"href":"https:\/\/www.plany.no\/en\/wp-json\/wp\/v2\/pages\/522","targetHints":{"allow":["GET"]}}],"collection":[{"href":"https:\/\/www.plany.no\/en\/wp-json\/wp\/v2\/pages"}],"about":[{"href":"https:\/\/www.plany.no\/en\/wp-json\/wp\/v2\/types\/page"}],"author":[{"embeddable":true,"href":"https:\/\/www.plany.no\/en\/wp-json\/wp\/v2\/users\/8"}],"replies":[{"embeddable":true,"href":"https:\/\/www.plany.no\/en\/wp-json\/wp\/v2\/comments?post=522"}],"version-history":[{"count":0,"href":"https:\/\/www.plany.no\/en\/wp-json\/wp\/v2\/pages\/522\/revisions"}],"up":[{"embeddable":true,"href":"https:\/\/www.plany.no\/en\/wp-json\/wp\/v2\/pages\/68"}],"wp:attachment":[{"href":"https:\/\/www.plany.no\/en\/wp-json\/wp\/v2\/media?parent=522"}],"curies":[{"name":"wp","href":"https:\/\/api.w.org\/{rel}","templated":true}]}}